{"id":5275,"date":"2024-03-05T12:30:41","date_gmt":"2024-03-05T12:30:41","guid":{"rendered":"https:\/\/hispanoamericalapelicula.org\/?page_id=5275"},"modified":"2024-03-06T14:36:54","modified_gmt":"2024-03-06T14:36:54","slug":"conviertete-en-mecenas-y-asiste-al-preestreno-de-hispanoamerica","status":"publish","type":"page","link":"https:\/\/hispanoamericalapelicula.org\/en\/conviertete-en-mecenas-y-asiste-al-preestreno-de-hispanoamerica\/","title":{"rendered":"Convi\u00e9rtete en mecenas y asiste al preestreno de HISPANOAM\u00c9RICA"},"content":{"rendered":"<p style=\"font-size:33px\"><strong>Convi\u00e9rtete en mecenas y asiste al preestreno de HISPANOAM\u00c9RICA<\/strong><\/p>\n\n\n\n<figure class=\"wp-block-image size-full\"><img fetchpriority=\"high\" decoding=\"async\" width=\"1648\" height=\"1065\" src=\"https:\/\/hispanoamericalapelicula.org\/wp-content\/uploads\/2024\/03\/Preestreno_cartel_02.png\" alt=\"\" class=\"wp-image-5337\" srcset=\"https:\/\/hispanoamericalapelicula.org\/wp-content\/uploads\/2024\/03\/Preestreno_cartel_02.png 1648w, https:\/\/hispanoamericalapelicula.org\/wp-content\/uploads\/2024\/03\/Preestreno_cartel_02-600x388.png 600w, https:\/\/hispanoamericalapelicula.org\/wp-content\/uploads\/2024\/03\/Preestreno_cartel_02-300x194.png 300w, https:\/\/hispanoamericalapelicula.org\/wp-content\/uploads\/2024\/03\/Preestreno_cartel_02-1024x662.png 1024w, https:\/\/hispanoamericalapelicula.org\/wp-content\/uploads\/2024\/03\/Preestreno_cartel_02-768x496.png 768w, https:\/\/hispanoamericalapelicula.org\/wp-content\/uploads\/2024\/03\/Preestreno_cartel_02-1536x993.png 1536w\" sizes=\"(max-width: 1648px) 100vw, 1648px\" \/><\/figure>\n\n\n\n<p><\/p>\n\n\n\n<p>Tanto si ya eres mecenas como si acabas de descubrir nuestra pel\u00edcula y quieres ayudarnos a hacerla posible, tienes una nueva oportunidad para asistir al <strong>PREESTRENO de HISPANOAM\u00c9RICA<\/strong>, el pr\u00f3ximo 6 de Abril en el <strong>cine CAPITOL<\/strong>. El evento contar\u00e1 con la presencia de su director&nbsp;<strong>Jos\u00e9 Luis L\u00f3pez-Linares<\/strong>, adem\u00e1s de&nbsp;<strong>Carmen Iglesias, Adelaida Sagarra Gamazo, Juan Miguel Zunzunegui, Carlos Le\u00e1\u00f1ez Aristimu\u00f1o, Manuel Lucena, Juan Valderrama, Dalmacio Negro, Alejandro R. De la Pe\u00f1a, Consuelo Mart\u00ednez-Sicluna, Guadalupe Jim\u00e9nez Codinach o Marcelo Gullo<\/strong>, entre otros colaboradores, para presentar la pel\u00edcula.<\/p>\n\n\n\n<p>HAZ UNA <strong>CONTRIBUCI\u00d3N SUPERIOR A 100 EUROS<\/strong> y recibe: <strong>DOS ENTRADAS para el preestreno<\/strong>, un <strong>ENLACE<\/strong> para visualizar la pel\u00edcula por tiempo indefinido antes de su estreno en plataformas digitales, <strong>una fotograf\u00eda en alta resoluci\u00f3n<\/strong> de un <strong>\u00c1ngel Arcabucero<\/strong> realizada por Jos\u00e9 Luis L\u00f3pez-Linares y un <strong>DVD firmado por el director<\/strong>. <\/p>\n\n\n\n<p><strong>**<\/strong>Una vez rellenado el formulario con tus datos y realizada la contribuci\u00f3n, <strong>te enviaremos un enlace al correo electr\u00f3nico que nos hayas proporcionado con toda la informaci\u00f3n para inscribirte al preestreno y obtener tus entradas<\/strong>. Tambi\u00e9n puedes escribirnos a<strong> lopezlifilms@lopezlifilms.com<\/strong> si tienes cualquier duda.<\/p>\n\n\n\n<p class=\"has-medium-font-size\"><strong>DESDE 100 EUROS, CONVI\u00c9RTETE EN MECENAS Y ASISTE AL PREESTRENO<\/strong><\/p>\n\n\n\t<div id=\"give-form-1809-wrap\" class=\"give-form-wrap give-display-onpage\">\n\t\t<div id=\"give-form-content-1809\" class=\"give-form-content-wrap give_pre_form-content\"><p>Lorem ipsum<\/p>\n<\/div>\t\t\t<form id=\"give-form-1809-1\" class=\"give-form give-form-1809 give-form-type-multi\" action=\"https:\/\/hispanoamericalapelicula.org\/en\/wp-json\/wp\/v2\/pages\/5275\/?payment-mode=stripe&#038;form-id=1809\" data-id=\"1809-1\" data-currency_symbol=\"&euro;\" data-currency_code=\"EUR\" data-currency_position=\"after\" data-thousands_separator=\".\" data-decimal_separator=\",\" data-number_decimals=\"2\" data-publishable-key=\"pk_live_51MTPFoCpAsppqMu6cYzBmWJo35IbMoLPOGoDWMwHF4qi7pJmOcooPtAossnHpmNymV3GXozCJohZ05fWq0SD0DSO00sKv5Jxfi\" data-account=\"acct_1MTPFoCpAsppqMu6\" method=\"post\" data-trp-original-action=\"https:\/\/hispanoamericalapelicula.org\/en\/wp-json\/wp\/v2\/pages\/5275\/?payment-mode=stripe&#038;form-id=1809\">\n\t\t\t\t<!-- The following field is for robots only, invisible to humans: -->\n\t\t\t\t<span class=\"give-hidden\" style=\"display: none !important;\">\n\t\t\t\t\t<label for=\"give-form-honeypot-1809\"><\/label>\n\t\t\t\t\t<input id=\"give-form-honeypot-1809\" type=\"text\" name=\"give-honeypot\"\n\t\t\t\t\t\t   class=\"give-honeypot give-hidden\"\/>\n\t\t\t\t<\/span>\n\n\t\t\t\t\t<input type=\"hidden\" name=\"give-form-id-prefix\" value=\"1809-1\"\/>\n\t<input type=\"hidden\" name=\"give-form-id\" value=\"1809\"\/>\n\t<input type=\"hidden\" name=\"give-form-title\" value=\"Hispanoam\u00e9rica, la pel\u00edcula\"\/>\n\t<input type=\"hidden\" name=\"give-current-url\" value=\"https:\/\/hispanoamericalapelicula.org\/en\/wp-json\/wp\/v2\/pages\/5275\/\"\/>\n\t<input type=\"hidden\" name=\"give-form-url\" value=\"https:\/\/hispanoamericalapelicula.org\/en\/wp-json\/wp\/v2\/pages\/5275\/\"\/>\n\t\t\t<input type=\"hidden\" name=\"give-form-minimum\"\n\t\t\t   value=\"15.00\"\/>\n\t\t<input type=\"hidden\" name=\"give-form-maximum\"\n\t\t\t   value=\"999999.99\"\/>\n\t\t<input type=\"hidden\"  name=\"give-form-hash\" value=\"b81103abdb\" data-time=\"1776595614\" data-nonce-life=\"86400\" data-donor-session=\"0\"\/><input type=\"hidden\" name=\"give-price-id\" value=\"1\"\/>\t\t<div class=\"give-total-wrap\">\n\t\t\t<div class=\"give-donation-amount form-row-wide\">\n\t\t\t\t\t\t\t\t<label class=\"give-hidden\" for=\"give-amount\">Donation Amount:<\/label>\n\t\t\t\t<input class=\"give-text-input give-amount-top\" id=\"give-amount\" name=\"give-amount\" type=\"text\" inputmode=\"decimal\"\n\t\t\t\t\t   placeholder=\"\" value=\"30,00\" autocomplete=\"off\">\n\t\t\t\t<span class=\"give-currency-symbol give-currency-position-after\">&euro;<\/span>\t\t\t<\/div>\n\t\t<\/div>\n\t\t<ul id=\"give-donation-level-button-wrap\" class=\"give-donation-levels-wrap give-list-inline\"><li><button type=\"button\" data-price-id=\"0\" class=\"give-donation-level-btn give-btn give-btn-level-0\" value=\"20,00\" data-default=\"0\">20,00&euro;<\/button><\/li><li><button type=\"button\" data-price-id=\"1\" class=\"give-donation-level-btn give-btn give-btn-level-1 give-default-level\" value=\"30,00\" data-default=\"1\">30,00&euro;<\/button><\/li><li><button type=\"button\" data-price-id=\"2\" class=\"give-donation-level-btn give-btn give-btn-level-2\" value=\"50,00\" data-default=\"0\">50,00&euro;<\/button><\/li><li><button type=\"button\" data-price-id=\"3\" class=\"give-donation-level-btn give-btn give-btn-level-3\" value=\"100,00\" data-default=\"0\">100,00&euro;<\/button><\/li><li><button type=\"button\" data-price-id=\"4\" class=\"give-donation-level-btn give-btn give-btn-level-4\" value=\"200,00\" data-default=\"0\">200,00&euro;<\/button><\/li><li><button type=\"button\" data-price-id=\"custom\" class=\"give-donation-level-btn give-btn give-btn-level-custom\" value=\"custom\">\u00bfQuieres otra cantidad?<\/button><\/li><\/ul><input id=\"give-stripe-payment-method-1809-1\" type=\"hidden\" name=\"give_stripe_payment_method\" value=\"\">\n\t<fieldset id=\"give-payment-mode-select\">\n\t\t\t\t<legend\n\t\t\tclass=\"give-payment-mode-label\">Select Payment Method\t\t\t<span class=\"give-loading-text\"><span\n\t\t\t\t\tclass=\"give-loading-animation\"><\/span>\n\t\t\t<\/span>\n\t\t<\/legend>\n\n\t\t<div id=\"give-payment-mode-wrap\">\n\t\t\t\t\t\t<ul id=\"give-gateway-radio-list\">\n\t\t\t\t\t\t\t\t\t\t<li class=\"give-gateway-option-selected\">\n\t\t\t\t\t\t\t<input type=\"radio\" name=\"payment-mode\" class=\"give-gateway\"\n\t\t\t\t\t\t\t\t   id=\"give-gateway-stripe-1809-1\"\n\t\t\t\t\t\t\t\t   value=\"stripe\" checked='checked'>\n\t\t\t\t\t\t\t<label for=\"give-gateway-stripe-1809-1\"\n\t\t\t\t\t\t\t\t   class=\"give-gateway-option\"\n\t\t\t\t\t\t\t\t   id=\"give-gateway-option-stripe\"> Stripe &#8211; Credit Card<\/label>\n\t\t\t\t\t\t<\/li>\n\t\t\t\t\t\t\t\t\t\t\t\t<li>\n\t\t\t\t\t\t\t<input type=\"radio\" name=\"payment-mode\" class=\"give-gateway\"\n\t\t\t\t\t\t\t\t   id=\"give-gateway-paypal-commerce-1809-1\"\n\t\t\t\t\t\t\t\t   value=\"paypal-commerce\">\n\t\t\t\t\t\t\t<label for=\"give-gateway-paypal-commerce-1809-1\"\n\t\t\t\t\t\t\t\t   class=\"give-gateway-option\"\n\t\t\t\t\t\t\t\t   id=\"give-gateway-option-paypal-commerce\"> PayPal: tarjeta de cr\u00e9dito<\/label>\n\t\t\t\t\t\t<\/li>\n\t\t\t\t\t\t\t\t\t<\/ul>\n\t\t\t\t\t<\/div>\n\t\t\t<\/fieldset>\n\n\t\n\t<div id=\"give_purchase_form_wrap\">\n\n\t\t\t<fieldset id=\"give_checkout_user_info\" class=\"\">\n\t\t<legend>\n\t\t\tPersonal Info\t\t<\/legend>\n\n\t\t\n        <p id=\"give-first-name-wrap\" class=\"form-row form-row-first form-row-responsive\">\n            <label class=\"give-label\" for=\"give-first\">\n                First Name                                    <span class=\"give-required-indicator\">*<\/span>\n                                <span class=\"give-tooltip hint--top hint--medium hint--bounce\" aria-label=\"First Name is used to personalize your donation record.\" rel=\"tooltip\"><i class=\"give-icon give-icon-question\"><\/i><\/span>            <\/label>\n            <input\n                class=\"give-input required\"\n                type=\"text\"\n                name=\"give_first\"\n                autocomplete=\"given-name\"\n                placeholder=\"First Name\"\n                id=\"give-first\"\n                value=\"\"\n                 required aria-required=\"true\"             \/>\n        <\/p>\n\n        <p id=\"give-last-name-wrap\" class=\"form-row form-row-last form-row-responsive\">\n            <label class=\"give-label\" for=\"give-last\">\n                Last Name                                <span class=\"give-tooltip hint--top hint--medium hint--bounce\" aria-label=\"Last Name is used to personalize your donation record.\" rel=\"tooltip\"><i class=\"give-icon give-icon-question\"><\/i><\/span>            <\/label>\n\n            <input\n                class=\"give-input\"\n                type=\"text\"\n                name=\"give_last\"\n                autocomplete=\"family-name\"\n                id=\"give-last\"\n                placeholder=\"Last Name\"\n                value=\"\"\n                            \/>\n        <\/p>\n\n        \n                <p id=\"give-email-wrap\" class=\"form-row form-row-wide\">\n            <label class=\"give-label\" for=\"give-email\">\n                Email Address                                    <span class=\"give-required-indicator\">*<\/span>\n                                    <span class=\"give-tooltip hint--top hint--medium hint--bounce\" aria-label=\"We will send the donation receipt to this address.\" rel=\"tooltip\"><i class=\"give-icon give-icon-question\"><\/i><\/span>            <\/label>\n            <input\n                class=\"give-input required\"\n                type=\"email\"\n                name=\"give_email\"\n                autocomplete=\"email\"\n                placeholder=\"Email Address\"\n                id=\"give-email\"\n                value=\"\"\n                 required aria-required=\"true\"             \/>\n\n        <\/p>\n\n                                <p id=\"give-anonymous-donation-wrap\" class=\"form-row form-row-wide\">\n                <label class=\"give-label\" for=\"give-anonymous-donation\">\n                    <input\n                        type=\"checkbox\"\n                        class=\"give-input\"\n                        name=\"give_anonymous_donation\"\n                        id=\"give-anonymous-donation\"\n                        value=\"1\"\n                                                                    >\n                    Make this an anonymous donation.\t\t\t\t\t<span class=\"give-tooltip hint--top hint--medium hint--bounce\" aria-label=\"Would you like to prevent your name, image, and comment from being displayed publicly?\" rel=\"tooltip\"><i class=\"give-icon give-icon-question\"><\/i><\/span>\n\t\t\t\t<\/label>\n\t\t\t<\/p>\n\t\t\n\t\t\t\t\t<p id=\"give-comment-wrap\" class=\"form-row form-row-wide\">\n\t\t\t\t<label class=\"give-label\" for=\"give-comment\">\n\t\t\t\t\tComment\t\t\t\t\t\t\t\t\t\t<span class=\"give-tooltip hint--top hint--medium hint--bounce\" aria-label=\"Would you like to add a comment to this donation?\" rel=\"tooltip\"><i class=\"give-icon give-icon-question\"><\/i><\/span>\t\t\t\t<\/label>\n\n\t\t\t\t<textarea\n\t\t\t\t\tclass=\"give-input\"\n\t\t\t\t\tname=\"give_comment\"\n\t\t\t\t\tplaceholder=\"Leave a comment\"\n\t\t\t\t\tid=\"give-comment\"\n\t\t\t\t\t\t\t\t\t><\/textarea>\n\n\t\t\t<\/p>\n\t\t\t\t\t<\/fieldset>\n\t\n        <fieldset id=\"give_cc_fields\" class=\"give-do-validate\">\n            <legend>\n                Credit Card Info            <\/legend>\n\n                            <div id=\"give_secure_site_wrapper\">\n                    <span class=\"give-icon padlock\"><\/span>\n                    <span>\n\t\t\t\t\tThis is a secure SSL encrypted payment.\t\t\t\t<\/span>\n                <\/div>\n                <div id=\"give-stripe-single-cc-fields-1809-1\" class=\"give-stripe-single-cc-field-wrap\"><\/div>        <\/fieldset>\n        \t<fieldset id=\"give_terms_agreement\">\n\t\t<legend>Terms<\/legend>\n\t\t<div id=\"give_terms\" class=\"give_terms-1809\" style=\"display:none;\">\n\t\t\t<div class=\"group w-full text-gray-800 dark:text-gray-100 border-b border-black\/10 dark:border-gray-900\/50 bg-gray-50 dark:bg-[#444654]\">\n<div class=\"flex p-4 gap-4 text-base md:gap-6 md:max-w-2xl lg:max-w-[38rem] xl:max-w-3xl md:py-6 lg:px-0 m-auto\">\n<div class=\"relative flex w-[calc(100%-50px)] flex-col gap-1 md:gap-3 lg:w-[calc(100%-115px)]\">\n<div class=\"flex flex-grow flex-col gap-3\">\n<div class=\"min-h-[20px] flex flex-col items-start gap-4 whitespace-pre-wrap break-words\">\n<div class=\"markdown prose w-full break-words dark:prose-invert light\">\n<p>Aceptaci\u00f3n de cualquier contribuci\u00f3n est\u00e1 a discreci\u00f3n de Hispanoam\u00e9rica La Pel\u00edcula. Hispanoam\u00e9rica La Pel\u00edcula no aceptar\u00e1 ninguna donaci\u00f3n a menos que pueda ser utilizada o gastado de manera coherente con el prop\u00f3sito y la misi\u00f3n de Hispanoam\u00e9rica La Pel\u00edcula.<\/p>\n<p>Ninguna donaci\u00f3n irrevocable, ya sea directo o de ingreso vitalicio, ser\u00e1 aceptado si bajo cualquier conjunto razonable de circunstancias el regalo pudiera poner en peligro la seguridad financiera del donante.<\/p>\n<p>Hispanoam\u00e9rica La Pel\u00edcula se abstendr\u00e1 de brindar asesoramiento sobre el tratamiento fiscal u otro tratamiento de las donaciones y alentar\u00e1 a los donantes a buscar orientaci\u00f3n de sus propios asesores profesionales para ayudarles en el proceso de realizar su donaci\u00f3n.<\/p>\n<p>Hispanoam\u00e9rica La Pel\u00edcula respetar\u00e1 la intenci\u00f3n del donante con respecto a las donaciones para fines restringidos y aquellos relacionados con el deseo de permanecer en el anonimato. En cuanto a los regalos an\u00f3nimos, Hispanoam\u00e9rica La Pel\u00edcula limitar\u00e1 la informaci\u00f3n sobre el donante solo a aquellos miembros del personal que tengan necesidad de conocerla.<\/p>\n<p>Hispanoam\u00e9rica La Pel\u00edcula no compensar\u00e1, ya sea a trav\u00e9s de comisiones, honorarios de intermediarios u otros medios, a ning\u00fan tercero por dirigir una donaci\u00f3n o un donante a Hispanoam\u00e9rica La Pel\u00edcula.<\/p>\n<\/div>\n<\/div>\n<\/div>\n<div class=\"flex justify-between lg:block\">\n<div class=\"text-gray-400 flex self-end lg:self-center justify-center mt-2 gap-2 md:gap-3 lg:gap-1 lg:absolute lg:top-0 lg:translate-x-full lg:right-0 lg:mt-0 lg:pl-2 visible\">\n<p>&nbsp;<\/p>\n<div class=\"flex gap-1\"><\/div>\n<\/div>\n<\/div>\n<\/div>\n<\/div>\n<\/div>\n\t\t<\/div>\n\t\t<div id=\"give_show_terms\">\n\t\t\t<a href=\"#\" class=\"give_terms_links give_terms_links-1809\" role=\"button\"\n\t\t\t   aria-controls=\"give_terms\">Show Terms<\/a>\n\t\t\t<a href=\"#\" class=\"give_terms_links give_terms_links-1809\" role=\"button\"\n\t\t\t   aria-controls=\"give_terms\" style=\"display:none;\">Hide Terms<\/a>\n\t\t<\/div>\n\n\t\t<input name=\"give_agree_to_terms\" class=\"required\" type=\"checkbox\"\n\t\t\t   id=\"give_agree_to_terms-1809\" value=\"1\" required aria-required=\"true\"\/>\n\t\t<label for=\"give_agree_to_terms-1809\">Estoy de acuerdo con los t\u00e9rminos y condiciones legales<\/label>\n\n\t<\/fieldset>\n\t<div id=\"give-stripe-payment-errors-1809-1\"><\/div>\t<fieldset id=\"give_purchase_submit\" class=\"give-donation-submit\">\n\t\t\t<p id=\"give-final-total-wrap\" class=\"form-wrap\">\n\t\t\t\t<span class=\"give-donation-total-label\">\n\t\t\tDonation Total:\t\t<\/span>\n\t\t<span class=\"give-final-total-amount\"\n\t\t\t  data-total=\"30,00\">\n\t\t\t30,00&euro;\t\t<\/span>\n\t\t\t<\/p>\n\t\t<input type=\"hidden\" name=\"give_action\" value=\"purchase\"\/>\n\t<input type=\"hidden\" name=\"give-gateway\" value=\"stripe\"\/>\n\t\t<div class=\"give-submit-button-wrap give-clearfix\">\n\t\t<input type=\"submit\" class=\"give-submit give-btn\" id=\"give-purchase-button\" name=\"give-purchase\"\n\t\t\t   value=\"Donar ahora\" data-before-validation-label=\"Donar ahora\"\/>\n\t\t<span class=\"give-loading-animation\"><\/span>\n\t<\/div>\n\t\t<\/fieldset>\n\t\n\t<\/div>\n\n\t\t\t\t<input type=\"hidden\" name=\"trp-form-language\" value=\"en\"\/><\/form>\n\n\t\t\t\n\t<\/div><!--end #give-form-1809-->","protected":false},"excerpt":{"rendered":"<p>Convi\u00e9rtete en mecenas y asiste al preestreno de HISPANOAM\u00c9RICA Tanto si ya eres mecenas como si acabas de descubrir nuestra pel\u00edcula y quieres ayudarnos a hacerla posible, tienes una nueva oportunidad para asistir al PREESTRENO de HISPANOAM\u00c9RICA, el pr\u00f3ximo 6 de Abril en el cine CAPITOL. El evento contar\u00e1 con la presencia de su director&nbsp;Jos\u00e9 [&hellip;]<\/p>","protected":false},"author":6,"featured_media":0,"parent":0,"menu_order":0,"comment_status":"closed","ping_status":"closed","template":"","meta":{"give_campaign_id":0,"site-sidebar-layout":"default","site-content-layout":"","ast-site-content-layout":"default","site-content-style":"default","site-sidebar-style":"default","ast-global-header-display":"","ast-banner-title-visibility":"","ast-main-header-display":"","ast-hfb-above-header-display":"","ast-hfb-below-header-display":"","ast-hfb-mobile-header-display":"","site-post-title":"disabled","ast-breadcrumbs-content":"","ast-featured-img":"","footer-sml-layout":"","ast-disable-related-posts":"","theme-transparent-header-meta":"","adv-header-id-meta":"","stick-header-meta":"","header-above-stick-meta":"","header-main-stick-meta":"","header-below-stick-meta":"","astra-migrate-meta-layouts":"set","ast-page-background-enabled":"default","ast-page-background-meta":{"desktop":{"background-color":"","background-image":"","background-repeat":"repeat","background-position":"center center","background-size":"auto","background-attachment":"scroll","background-type":"","background-media":"","overlay-type":"","overlay-color":"","overlay-opacity":"","overlay-gradient":""},"tablet":{"background-color":"","background-image":"","background-repeat":"repeat","background-position":"center center","background-size":"auto","background-attachment":"scroll","background-type":"","background-media":"","overlay-type":"","overlay-color":"","overlay-opacity":"","overlay-gradient":""},"mobile":{"background-color":"","background-image":"","background-repeat":"repeat","background-position":"center center","background-size":"auto","background-attachment":"scroll","background-type":"","background-media":"","overlay-type":"","overlay-color":"","overlay-opacity":"","overlay-gradient":""}},"ast-content-background-meta":{"desktop":{"background-color":"var(--ast-global-color-5)","background-image":"","background-repeat":"repeat","background-position":"center center","background-size":"auto","background-attachment":"scroll","background-type":"","background-media":"","overlay-type":"","overlay-color":"","overlay-opacity":"","overlay-gradient":""},"tablet":{"background-color":"var(--ast-global-color-5)","background-image":"","background-repeat":"repeat","background-position":"center center","background-size":"auto","background-attachment":"scroll","background-type":"","background-media":"","overlay-type":"","overlay-color":"","overlay-opacity":"","overlay-gradient":""},"mobile":{"background-color":"var(--ast-global-color-5)","background-image":"","background-repeat":"repeat","background-position":"center center","background-size":"auto","background-attachment":"scroll","background-type":"","background-media":"","overlay-type":"","overlay-color":"","overlay-opacity":"","overlay-gradient":""}},"footnotes":""},"class_list":["post-5275","page","type-page","status-publish","hentry"],"campaignId":"","_links":{"self":[{"href":"https:\/\/hispanoamericalapelicula.org\/en\/wp-json\/wp\/v2\/pages\/5275","targetHints":{"allow":["GET"]}}],"collection":[{"href":"https:\/\/hispanoamericalapelicula.org\/en\/wp-json\/wp\/v2\/pages"}],"about":[{"href":"https:\/\/hispanoamericalapelicula.org\/en\/wp-json\/wp\/v2\/types\/page"}],"author":[{"embeddable":true,"href":"https:\/\/hispanoamericalapelicula.org\/en\/wp-json\/wp\/v2\/users\/6"}],"replies":[{"embeddable":true,"href":"https:\/\/hispanoamericalapelicula.org\/en\/wp-json\/wp\/v2\/comments?post=5275"}],"version-history":[{"count":13,"href":"https:\/\/hispanoamericalapelicula.org\/en\/wp-json\/wp\/v2\/pages\/5275\/revisions"}],"predecessor-version":[{"id":5338,"href":"https:\/\/hispanoamericalapelicula.org\/en\/wp-json\/wp\/v2\/pages\/5275\/revisions\/5338"}],"wp:attachment":[{"href":"https:\/\/hispanoamericalapelicula.org\/en\/wp-json\/wp\/v2\/media?parent=5275"}],"curies":[{"name":"wp","href":"https:\/\/api.w.org\/{rel}","templated":true}]}}