{"id":6665,"date":"2024-04-10T10:38:28","date_gmt":"2024-04-10T10:38:28","guid":{"rendered":"https:\/\/hispanoamericalapelicula.org\/?page_id=6665"},"modified":"2024-07-15T11:27:27","modified_gmt":"2024-07-15T11:27:27","slug":"reserva-tu-propia-sala","status":"publish","type":"page","link":"https:\/\/hispanoamericalapelicula.org\/en\/reserva-tu-propia-sala\/","title":{"rendered":"Reserva tu propia sala"},"content":{"rendered":"<div data-elementor-type=\"wp-page\" data-elementor-id=\"6665\" class=\"elementor elementor-6665\">\n\t\t\t\t\t\t<section class=\"elementor-section elementor-top-section elementor-element elementor-element-9966f4c elementor-section-full_width elementor-section-stretched elementor-section-height-default elementor-section-height-default\" data-id=\"9966f4c\" data-element_type=\"section\" data-e-type=\"section\" data-settings=\"{&quot;stretch_section&quot;:&quot;section-stretched&quot;,&quot;background_background&quot;:&quot;classic&quot;}\">\n\t\t\t\t\t\t<div class=\"elementor-container elementor-column-gap-default\">\n\t\t\t\t\t<div class=\"elementor-column elementor-col-100 elementor-top-column elementor-element elementor-element-f733cf1\" data-id=\"f733cf1\" data-element_type=\"column\" data-e-type=\"column\" data-settings=\"{&quot;background_background&quot;:&quot;classic&quot;}\">\n\t\t\t<div class=\"elementor-widget-wrap elementor-element-populated\">\n\t\t\t\t\t\t<section class=\"elementor-section elementor-inner-section elementor-element elementor-element-3a1f981 elementor-section-full_width elementor-section-height-default elementor-section-height-default\" data-id=\"3a1f981\" data-element_type=\"section\" data-e-type=\"section\">\n\t\t\t\t\t\t<div class=\"elementor-container elementor-column-gap-default\">\n\t\t\t\t\t<div class=\"elementor-column elementor-col-50 elementor-inner-column elementor-element elementor-element-f2c30c1\" data-id=\"f2c30c1\" data-element_type=\"column\" data-e-type=\"column\">\n\t\t\t<div class=\"elementor-widget-wrap\">\n\t\t\t\t\t\t\t<\/div>\n\t\t<\/div>\n\t\t\t\t<div class=\"elementor-column elementor-col-50 elementor-inner-column elementor-element elementor-element-138a3c6\" data-id=\"138a3c6\" data-element_type=\"column\" data-e-type=\"column\">\n\t\t\t<div class=\"elementor-widget-wrap elementor-element-populated\">\n\t\t\t\t\t\t<div class=\"elementor-element elementor-element-4c10f08 elementor-widget__width-initial elementor-widget elementor-widget-spacer\" data-id=\"4c10f08\" data-element_type=\"widget\" data-e-type=\"widget\" data-widget_type=\"spacer.default\">\n\t\t\t\t<div class=\"elementor-widget-container\">\n\t\t\t\t\t\t\t<div class=\"elementor-spacer\">\n\t\t\t<div class=\"elementor-spacer-inner\"><\/div>\n\t\t<\/div>\n\t\t\t\t\t\t<\/div>\n\t\t\t\t<\/div>\n\t\t\t\t<div class=\"elementor-element elementor-element-0e5f6c3 elementor-widget elementor-widget-image\" data-id=\"0e5f6c3\" data-element_type=\"widget\" data-e-type=\"widget\" data-widget_type=\"image.default\">\n\t\t\t\t<div class=\"elementor-widget-container\">\n\t\t\t\t\t\t\t\t\t\t\t\t\t\t\t<img fetchpriority=\"high\" decoding=\"async\" width=\"500\" height=\"105\" src=\"https:\/\/hispanoamericalapelicula.org\/wp-content\/uploads\/2024\/03\/3.png\" class=\"attachment-full size-full wp-image-5770\" alt=\"\" srcset=\"https:\/\/hispanoamericalapelicula.org\/wp-content\/uploads\/2024\/03\/3.png 500w, https:\/\/hispanoamericalapelicula.org\/wp-content\/uploads\/2024\/03\/3-300x63.png 300w, https:\/\/hispanoamericalapelicula.org\/wp-content\/uploads\/2024\/03\/3-150x32.png 150w\" sizes=\"(max-width: 500px) 100vw, 500px\" \/>\t\t\t\t\t\t\t\t\t\t\t\t\t\t\t<\/div>\n\t\t\t\t<\/div>\n\t\t\t\t<div class=\"elementor-element elementor-element-f3477e1 elementor-widget elementor-widget-heading\" data-id=\"f3477e1\" data-element_type=\"widget\" data-e-type=\"widget\" data-widget_type=\"heading.default\">\n\t\t\t\t<div class=\"elementor-widget-container\">\n\t\t\t\t\t<h3 class=\"elementor-heading-title elementor-size-default\">RESERVA TU PROPIA SESI\u00d3N a precio reducido.<\/h3>\t\t\t\t<\/div>\n\t\t\t\t<\/div>\n\t\t\t\t<div class=\"elementor-element elementor-element-6c33934 elementor-widget elementor-widget-heading\" data-id=\"6c33934\" data-element_type=\"widget\" data-e-type=\"widget\" data-widget_type=\"heading.default\">\n\t\t\t\t<div class=\"elementor-widget-container\">\n\t\t\t\t\t<h4 class=\"elementor-heading-title elementor-size-default\">Rellena este formulario indicando el n\u00famero de personas, tu ciudad y las posibles salas de cine en las que estar\u00edas interesado para reservar una sesi\u00f3n privada con las personas de tu elecci\u00f3n. <br><br>Nuestra distribuidora, <b>BOSCO FILMS<\/b>, se pondr\u00e1 en contacto contigo para concretar todos los detalles.<\/h4>\t\t\t\t<\/div>\n\t\t\t\t<\/div>\n\t\t\t\t<div class=\"elementor-element elementor-element-233f481 elementor-widget elementor-widget-html\" data-id=\"233f481\" data-element_type=\"widget\" data-e-type=\"widget\" data-widget_type=\"html.default\">\n\t\t\t\t<div class=\"elementor-widget-container\">\n\t\t\t\t\t<div class=\"frm_forms  with_frm_style frm_style_estilos-formidable\" id=\"frm_form_4_container\" data-token=\"44a4efa20f8f7616faceda4276b651d1\">\n<form enctype=\"multipart\/form-data\" method=\"post\" class=\"frm-show-form\" id=\"form_pidela-en-tu-ciudad2\" data-token=\"44a4efa20f8f7616faceda4276b651d1\" action=\"\">\n<div class=\"frm_form_fields\">\n<fieldset>\n<legend class=\"frm_screen_reader\">Reserva una sala <\/legend>\r\n\r\n<div class=\"frm_fields_container\">\n<input type=\"hidden\" name=\"frm_action\" value=\"create\" \/>\n<input type=\"hidden\" name=\"form_id\" value=\"4\" \/>\n<input type=\"hidden\" name=\"frm_hide_fields_4\" id=\"frm_hide_fields_4\" value=\"\" \/>\n<input type=\"hidden\" name=\"form_key\" value=\"pidela-en-tu-ciudad2\" \/>\n<input type=\"hidden\" name=\"item_meta[0]\" value=\"\" \/>\n<input type=\"hidden\" id=\"frm_submit_entry_4\" name=\"frm_submit_entry_4\" value=\"f4c5941b2f\" \/><input type=\"hidden\" name=\"_wp_http_referer\" value=\"\/en\/wp-json\/wp\/v2\/pages\/6665\" \/><div id=\"frm_field_19_container\" class=\"frm_form_field form-field  frm_top_container\">\r\n    <div  id=\"field_h8y6v2_label\" class=\"frm_primary_label\">Name\r\n        <span class=\"frm_required\" aria-hidden=\"true\"><\/span>\r\n    <\/div>\r\n    <fieldset aria-labelledby=\"field_h8y6v2_label\">\n\t<legend class=\"frm_screen_reader frm_hidden\">\n\t\tName\t<\/legend>\n\n\t<div  class=\"frm_combo_inputs_container\" id=\"frm_combo_inputs_container_19\" data-name-layout=\"first_last\">\n\t\t\t\t\t<div\n\t\t\t\tid=\"frm_field_19-first_container\"\n\t\t\t\tclass=\"frm_form_field form-field frm_form_subfield-first  frm6\"\n\t\t\t\tdata-sub-field-name=\"first\"\n\t\t\t>\n\t\t\t\t<label for=\"field_h8y6v2_first\" class=\"frm_screen_reader frm_hidden\">\n\t\t\t\t\tName\t\t\t\t<\/label>\n\n\t\t\t\t<input  type=\"text\" id=\"field_h8y6v2_first\" value=\"\" name=\"item_meta[19][first]\" autocomplete=\"given-name\" data-invmsg=\"Nombre is invalid\" aria-invalid=\"false\"  \/><div class=\"frm_description\" id=\"frm_field_19_first_desc\">Name<\/div>\t\t\t<\/div>\n\t\t\t\t\t\t<div\n\t\t\t\tid=\"frm_field_19-last_container\"\n\t\t\t\tclass=\"frm_form_field form-field frm_form_subfield-last  frm6\"\n\t\t\t\tdata-sub-field-name=\"last\"\n\t\t\t>\n\t\t\t\t<label for=\"field_h8y6v2_last\" class=\"frm_screen_reader frm_hidden\">\n\t\t\t\t\tSurname\t\t\t\t<\/label>\n\n\t\t\t\t<input  type=\"text\" id=\"field_h8y6v2_last\" value=\"\" name=\"item_meta[19][last]\" autocomplete=\"family-name\" data-invmsg=\"Nombre is invalid\" aria-invalid=\"false\"  \/><div class=\"frm_description\" id=\"frm_field_19_last_desc\">Surname<\/div>\t\t\t<\/div>\n\t\t\t\t<\/div>\n<\/fieldset>\n\r\n    \r\n    \r\n<\/div>\n<div id=\"frm_field_20_container\" class=\"frm_form_field form-field  frm_required_field frm_top_container\">\r\n    <label for=\"field_as8bu2\" id=\"field_as8bu2_label\" class=\"frm_primary_label\">E-Mail\r\n        <span class=\"frm_required\" aria-hidden=\"true\">*<\/span>\r\n    <\/label>\r\n    <input type=\"email\" id=\"field_as8bu2\" name=\"item_meta[20]\" value=\"\"  data-reqmsg=\"Correo electr\u00f3nico no puede estar vac\u00edo.\" aria-required=\"true\" data-invmsg=\"Correo electr\u00f3nico no es v\u00e1lido\" aria-invalid=\"false\"  \/>\r\n    \r\n    \r\n<\/div>\n<div id=\"frm_field_21_container\" class=\"frm_form_field form-field  frm_required_field frm_top_container\">\r\n    <label for=\"field_zecfz2\" id=\"field_zecfz2_label\" class=\"frm_primary_label\">Tel\u00e9fono\r\n        <span class=\"frm_required\" aria-hidden=\"true\">*<\/span>\r\n    <\/label>\r\n    <input type=\"text\" id=\"field_zecfz2\" name=\"item_meta[21]\" value=\"\"  data-reqmsg=\"Tel\u00e9fono no puede estar vac\u00edo.\" aria-required=\"true\" data-invmsg=\"Tel\u00e9fono no es v\u00e1lido\" aria-invalid=\"false\"  \/>\r\n    \r\n    \r\n<\/div>\n<div id=\"frm_field_22_container\" class=\"frm_form_field form-field  frm_required_field frm_top_container\">\r\n    <label for=\"field_inqso2\" id=\"field_inqso2_label\" class=\"frm_primary_label\">N\u00famero de personas\r\n        <span class=\"frm_required\" aria-hidden=\"true\">*<\/span>\r\n    <\/label>\r\n    <input type=\"text\" id=\"field_inqso2\" name=\"item_meta[22]\" value=\"\"  data-reqmsg=\"N\u00famero de personas no puede estar vac\u00edo.\" aria-required=\"true\" data-invmsg=\"N\u00famero de personas no es v\u00e1lido\" aria-invalid=\"false\"  \/>\r\n    \r\n    \r\n<\/div>\n<div id=\"frm_field_36_container\" class=\"frm_form_field form-field  frm_required_field frm_top_container frm4 frm_first\">\n\t<label for=\"field_gh32h\" id=\"field_gh32h_label\" class=\"frm_primary_label\">Country\n\t\t<span class=\"frm_required\" aria-hidden=\"true\">*<\/span>\n\t<\/label>\n\t<input type=\"text\" id=\"field_gh32h\" name=\"item_meta[36]\" value=\"\"  data-reqmsg=\"Pa\u00eds no puede estar vac\u00edo.\" aria-required=\"true\" data-invmsg=\"Pa\u00eds no es v\u00e1lido\" aria-invalid=\"false\"  \/>\n\t\n\t\n<\/div>\n<div id=\"frm_field_35_container\" class=\"frm_form_field form-field  frm_required_field frm_top_container frm4\">\n\t<label for=\"field_3ceq8\" id=\"field_3ceq8_label\" class=\"frm_primary_label\">City\n\t\t<span class=\"frm_required\" aria-hidden=\"true\">*<\/span>\n\t<\/label>\n\t<input type=\"text\" id=\"field_3ceq8\" name=\"item_meta[35]\" value=\"\"  data-reqmsg=\"Ciudad no puede estar vac\u00edo.\" aria-required=\"true\" data-invmsg=\"Ciudad no es v\u00e1lido\" aria-invalid=\"false\"  \/>\n\t\n\t\n<\/div>\n<div id=\"frm_field_32_container\" class=\"frm_form_field form-field  frm_required_field frm_top_container frm4\">\r\n    <label for=\"field_uo0zt\" id=\"field_uo0zt_label\" class=\"frm_primary_label\">Municipio\r\n        <span class=\"frm_required\" aria-hidden=\"true\">*<\/span>\r\n    <\/label>\r\n    <input type=\"text\" id=\"field_uo0zt\" name=\"item_meta[32]\" value=\"\"  data-reqmsg=\"Municipio no puede estar vac\u00edo.\" aria-required=\"true\" data-invmsg=\"Municipio no es v\u00e1lido\" aria-invalid=\"false\"  \/>\r\n    \r\n    \r\n<\/div>\n<div id=\"frm_field_37_container\" class=\"frm_form_field form-field  frm_top_container\">\n\t<label for=\"field_zd8g7\" id=\"field_zd8g7_label\" class=\"frm_primary_label\">\u00bfAlguna sala en especial en la que est\u00e9s interesado?\n\t\t<span class=\"frm_required\" aria-hidden=\"true\"><\/span>\n\t<\/label>\n\t<input type=\"text\" id=\"field_zd8g7\" name=\"item_meta[37]\" value=\"\"  data-invmsg=\"\u00bfAlguna sala en especial en la que est\u00e9s interesado? no es v\u00e1lido\" aria-invalid=\"false\"  \/>\n\t\n\t\n<\/div>\n<div id=\"frm_field_38_container\" class=\"frm_form_field form-field  frm_top_container\">\n\t<label for=\"field_vmebm\" id=\"field_vmebm_label\" class=\"frm_primary_label\">Observaciones\n\t\t<span class=\"frm_required\" aria-hidden=\"true\"><\/span>\n\t<\/label>\n\t<textarea name=\"item_meta[38]\" id=\"field_vmebm\" rows=\"5\"  data-invmsg=\"Observaciones is invalid\" aria-invalid=\"false\"  ><\/textarea>\n\t\n\t\n<\/div>\n<div id=\"frm_field_29_container\" class=\"frm_form_field form-field\">\n\t<div class=\"frm_submit frm_flex\">\r\n<button class=\"frm_button_submit\" type=\"submit\"  >Send<\/button>\r\n\r\n\r\n\r\n<\/div>\n<\/div>\n\t<input type=\"hidden\" name=\"item_key\" value=\"\" \/>\n\t\t\t<div id=\"frm_field_40_container\">\n\t\t\t<label for=\"field_5k7r3\" >\n\t\t\t\tIf you are human, leave this field blank.\t\t\t<\/label>\n\t\t\t<input  id=\"field_5k7r3\" type=\"text\" class=\"frm_form_field form-field frm_verify\" name=\"item_meta[40]\" value=\"\"  \/>\n\t\t<\/div>\n\t\t<input name=\"frm_state\" type=\"hidden\" value=\"eGNR\/kVEpnNVZj11wMDU2sJyCeoLbA+72k8Tr8hpDhU=\" \/><\/div>\n<\/fieldset>\n<\/div>\n\n<input type=\"hidden\" name=\"trp-form-language\" value=\"en\"\/><\/form>\n<\/div>\n\t\t\t\t<\/div>\n\t\t\t\t<\/div>\n\t\t\t\t\t<\/div>\n\t\t<\/div>\n\t\t\t\t\t<\/div>\n\t\t<\/section>\n\t\t\t\t<div class=\"elementor-element elementor-element-ba8924c elementor-widget elementor-widget-spacer\" data-id=\"ba8924c\" data-element_type=\"widget\" data-e-type=\"widget\" data-widget_type=\"spacer.default\">\n\t\t\t\t<div class=\"elementor-widget-container\">\n\t\t\t\t\t\t\t<div class=\"elementor-spacer\">\n\t\t\t<div class=\"elementor-spacer-inner\"><\/div>\n\t\t<\/div>\n\t\t\t\t\t\t<\/div>\n\t\t\t\t<\/div>\n\t\t\t\t\t<\/div>\n\t\t<\/div>\n\t\t\t\t\t<\/div>\n\t\t<\/section>\n\t\t\t\t<\/div>","protected":false},"excerpt":{"rendered":"<p>RESERVA TU PROPIA SESI\u00d3N a precio reducido. Rellena este formulario indicando el n\u00famero de personas, tu ciudad y las posibles salas de cine en las que estar\u00edas interesado para reservar una sesi\u00f3n privada con las personas de tu elecci\u00f3n. Nuestra distribuidora, BOSCO FILMS, se pondr\u00e1 en contacto contigo para concretar todos los detalles.<\/p>","protected":false},"author":6,"featured_media":0,"parent":0,"menu_order":0,"comment_status":"closed","ping_status":"closed","template":"elementor_header_footer","meta":{"give_campaign_id":0,"site-sidebar-layout":"default","site-content-layout":"","ast-site-content-layout":"default","site-content-style":"default","site-sidebar-style":"default","ast-global-header-display":"","ast-banner-title-visibility":"","ast-main-header-display":"","ast-hfb-above-header-display":"","ast-hfb-below-header-display":"","ast-hfb-mobile-header-display":"","site-post-title":"","ast-breadcrumbs-content":"","ast-featured-img":"","footer-sml-layout":"","ast-disable-related-posts":"","theme-transparent-header-meta":"","adv-header-id-meta":"","stick-header-meta":"","header-above-stick-meta":"","header-main-stick-meta":"","header-below-stick-meta":"","astra-migrate-meta-layouts":"set","ast-page-background-enabled":"default","ast-page-background-meta":{"desktop":{"background-color":"","background-image":"","background-repeat":"repeat","background-position":"center center","background-size":"auto","background-attachment":"scroll","background-type":"","background-media":"","overlay-type":"","overlay-color":"","overlay-opacity":"","overlay-gradient":""},"tablet":{"background-color":"","background-image":"","background-repeat":"repeat","background-position":"center center","background-size":"auto","background-attachment":"scroll","background-type":"","background-media":"","overlay-type":"","overlay-color":"","overlay-opacity":"","overlay-gradient":""},"mobile":{"background-color":"","background-image":"","background-repeat":"repeat","background-position":"center center","background-size":"auto","background-attachment":"scroll","background-type":"","background-media":"","overlay-type":"","overlay-color":"","overlay-opacity":"","overlay-gradient":""}},"ast-content-background-meta":{"desktop":{"background-color":"var(--ast-global-color-5)","background-image":"","background-repeat":"repeat","background-position":"center center","background-size":"auto","background-attachment":"scroll","background-type":"","background-media":"","overlay-type":"","overlay-color":"","overlay-opacity":"","overlay-gradient":""},"tablet":{"background-color":"var(--ast-global-color-5)","background-image":"","background-repeat":"repeat","background-position":"center center","background-size":"auto","background-attachment":"scroll","background-type":"","background-media":"","overlay-type":"","overlay-color":"","overlay-opacity":"","overlay-gradient":""},"mobile":{"background-color":"var(--ast-global-color-5)","background-image":"","background-repeat":"repeat","background-position":"center center","background-size":"auto","background-attachment":"scroll","background-type":"","background-media":"","overlay-type":"","overlay-color":"","overlay-opacity":"","overlay-gradient":""}},"footnotes":""},"class_list":["post-6665","page","type-page","status-publish","hentry"],"campaignId":"","_links":{"self":[{"href":"https:\/\/hispanoamericalapelicula.org\/en\/wp-json\/wp\/v2\/pages\/6665","targetHints":{"allow":["GET"]}}],"collection":[{"href":"https:\/\/hispanoamericalapelicula.org\/en\/wp-json\/wp\/v2\/pages"}],"about":[{"href":"https:\/\/hispanoamericalapelicula.org\/en\/wp-json\/wp\/v2\/types\/page"}],"author":[{"embeddable":true,"href":"https:\/\/hispanoamericalapelicula.org\/en\/wp-json\/wp\/v2\/users\/6"}],"replies":[{"embeddable":true,"href":"https:\/\/hispanoamericalapelicula.org\/en\/wp-json\/wp\/v2\/comments?post=6665"}],"version-history":[{"count":20,"href":"https:\/\/hispanoamericalapelicula.org\/en\/wp-json\/wp\/v2\/pages\/6665\/revisions"}],"predecessor-version":[{"id":7450,"href":"https:\/\/hispanoamericalapelicula.org\/en\/wp-json\/wp\/v2\/pages\/6665\/revisions\/7450"}],"wp:attachment":[{"href":"https:\/\/hispanoamericalapelicula.org\/en\/wp-json\/wp\/v2\/media?parent=6665"}],"curies":[{"name":"wp","href":"https:\/\/api.w.org\/{rel}","templated":true}]}}